{"id":310,"date":"2020-01-23T18:21:52","date_gmt":"2020-01-23T18:21:52","guid":{"rendered":"https:\/\/demosites.io\/web-agency-gb\/?page_id=61"},"modified":"2025-09-15T19:50:39","modified_gmt":"2025-09-15T17:50:39","slug":"o-mnie","status":"publish","type":"page","link":"https:\/\/dorotagwizdowskabartosik.pl\/index.php\/o-mnie\/","title":{"rendered":"O mnie"},"content":{"rendered":"\n<div class=\"wp-block-cover alignfull\" style=\"min-height:600px;aspect-ratio:unset;\"><span aria-hidden=\"true\" class=\"wp-block-cover__background has-nv-light-bg-background-color has-background-dim-100 has-background-dim\"><\/span><div class=\"wp-block-cover__inner-container is-layout-flow wp-block-cover-is-layout-flow\">\n<div class=\"wp-block-group\"><div class=\"wp-block-group__inner-container is-layout-flow wp-block-group-is-layout-flow\">\n<div style=\"height:80px\" aria-hidden=\"true\" class=\"wp-block-spacer\"><\/div>\n\n\n\n<div class=\"wp-block-columns are-vertically-aligned-center has-neve-text-color-color has-text-color is-layout-flex wp-container-core-columns-is-layout-9d6595d7 wp-block-columns-is-layout-flex\">\n<div class=\"wp-block-column is-vertically-aligned-center is-layout-flow wp-block-column-is-layout-flow\" style=\"flex-basis:50%\"><div class=\"wp-block-image\">\n<figure class=\"aligncenter size-large is-resized\"><img data-opt-id=1716292836  fetchpriority=\"high\" decoding=\"async\" width=\"683\" height=\"1024\" src=\"https:\/\/ml7uhigw152k.i.optimole.com\/w:683\/h:1024\/q:mauto\/f:best\/https:\/\/dorotagwizdowskabartosik.pl\/wp-content\/uploads\/2023\/12\/BB__5521-Edytuj.jpg\" alt=\"dorota-gwizdowska-bartosik-disenadora-wirtualna-asystentka-z-hiszpanskim-projektowanie-www\" class=\"wp-image-639\" style=\"width:482px;height:undefinedpx\" srcset=\"https:\/\/ml7uhigw152k.i.optimole.com\/w:683\/h:1024\/q:mauto\/f:best\/https:\/\/dorotagwizdowskabartosik.pl\/wp-content\/uploads\/2023\/12\/BB__5521-Edytuj-scaled.jpg 683w, https:\/\/ml7uhigw152k.i.optimole.com\/w:200\/h:300\/q:mauto\/f:best\/https:\/\/dorotagwizdowskabartosik.pl\/wp-content\/uploads\/2023\/12\/BB__5521-Edytuj-scaled.jpg 200w, https:\/\/ml7uhigw152k.i.optimole.com\/w:720\/h:1080\/q:mauto\/f:best\/https:\/\/dorotagwizdowskabartosik.pl\/wp-content\/uploads\/2023\/12\/BB__5521-Edytuj-scaled.jpg 768w, https:\/\/ml7uhigw152k.i.optimole.com\/w:720\/h:1080\/q:mauto\/f:best\/https:\/\/dorotagwizdowskabartosik.pl\/wp-content\/uploads\/2023\/12\/BB__5521-Edytuj-scaled.jpg 1024w, https:\/\/ml7uhigw152k.i.optimole.com\/w:719\/h:1080\/q:mauto\/f:best\/https:\/\/dorotagwizdowskabartosik.pl\/wp-content\/uploads\/2023\/12\/BB__5521-Edytuj-scaled.jpg 1365w, https:\/\/ml7uhigw152k.i.optimole.com\/w:720\/h:1080\/q:mauto\/f:best\/https:\/\/dorotagwizdowskabartosik.pl\/wp-content\/uploads\/2023\/12\/BB__5521-Edytuj-scaled.jpg 1707w\" sizes=\"(max-width: 683px) 100vw, 683px\" \/><\/figure>\n<\/div><\/div>\n\n\n\n<div class=\"wp-block-column is-vertically-aligned-center is-layout-flow wp-block-column-is-layout-flow\" style=\"flex-basis:50%\">\n<h3 class=\"wp-block-heading has-neve-text-color-color has-text-color\"><\/h3>\n\n\n\n<p class=\"has-neve-text-color-color has-text-color\">Nazywam si\u0119 <strong>Dorota Gwizdowska-Bartosik<\/strong> i pod mark\u0105 <strong>Educadora<\/strong> wspieram ekspert\u00f3w, freelancer\u00f3w, marki osobiste, kt\u00f3rzy chc\u0105, ale boj\u0105 si\u0119 prezentowa\u0107 na LinkedIn.<br>\u0141\u0105cz\u0119 do\u015bwiadczenie edukatorki, stratega i praktyka.<\/p>\n\n\n\n<p class=\"has-neve-text-color-color has-text-color\">Dzi\u0119ki temu pracuj\u0119 z Tob\u0105 krok po kroku: od prze\u0142amania barier \u2192 przez pierwsze posty \u2192 po stworzenie profesjonalnego wizerunku, kt\u00f3ry dzia\u0142a jak Twoja biznesowa wizyt\u00f3wka bez nachalnej sprzeda\u017cy.<\/p>\n\n\n\n<hr class=\"wp-block-separator has-alpha-channel-opacity\"\/>\n\n\n\n<h3 class=\"wp-block-heading\">Jak mog\u0119 Ci pom\u00f3c?<\/h3>\n\n\n\n<p>1&#xfe0f;&#x20e3; <strong>Mentoring LinkedIn 1:1<\/strong><br>Indywidualna wsp\u00f3\u0142praca, w kt\u00f3rej:<\/p>\n\n\n\n<ul class=\"wp-block-list\">\n<li>analizuj\u0119 Tw\u00f3j profil,<\/li>\n\n\n\n<li>opracowujemy strategi\u0119,<\/li>\n\n\n\n<li>przygotowujemy Twoje pierwsze publikacje,<\/li>\n\n\n\n<li>pomagam Ci prze\u0142ama\u0107 barier\u0119 i zacz\u0105\u0107 dzia\u0142a\u0107 systematycznie.<\/li>\n<\/ul>\n\n\n\n<p>&#x1f449; Dla ekspert\u00f3w, przedsi\u0119biorc\u00f3w, mened\u017cer\u00f3w i freelancer\u00f3w.<\/p>\n\n\n\n<hr class=\"wp-block-separator has-alpha-channel-opacity\"\/>\n\n\n\n<p>2&#xfe0f;&#x20e3; <strong>Warsztaty dla zespo\u0142\u00f3w i firm<\/strong><br>Praktyczne szkolenia z LinkedIn dla pracownik\u00f3w i kadry mened\u017cerskiej:<\/p>\n\n\n\n<ul class=\"wp-block-list\">\n<li>jak budowa\u0107 mark\u0119 eksperta,<\/li>\n\n\n\n<li>jak wspiera\u0107 sprzeda\u017c i networking,<\/li>\n\n\n\n<li>jak tworzy\u0107 tre\u015bci, kt\u00f3re wzmacniaj\u0105 wizerunek firmy.<\/li>\n<\/ul>\n\n\n\n<p>&#x1f449; Dla ma\u0142ych i \u015brednich firm, kt\u00f3re chc\u0105 by\u0107 widoczne na LinkedIn.<\/p>\n\n\n\n<hr class=\"wp-block-separator has-alpha-channel-opacity\"\/>\n\n\n\n<p>3&#xfe0f;&#x20e3; <strong>Obs\u0142uga profilu <\/strong><br>Dla os\u00f3b, kt\u00f3re nie maj\u0105 czasu, ale chc\u0105 by\u0107 obecne. Tworz\u0119 grafiki i publikuj\u0119 tre\u015bci w Twoim imieniu, zgodnie z opracowan\u0105 strategi\u0105.<\/p>\n<\/div>\n<\/div>\n\n\n\n<div style=\"height:40px\" aria-hidden=\"true\" class=\"wp-block-spacer\"><\/div>\n<\/div><\/div>\n<\/div><\/div>\n\n\n\n<div class=\"wp-block-cover alignfull\" style=\"min-height:600px;aspect-ratio:unset;\"><span aria-hidden=\"true\" class=\"wp-block-cover__background has-nv-dark-bg-background-color has-background-dim-100 has-background-dim\"><\/span><div class=\"wp-block-cover__inner-container is-layout-flow wp-block-cover-is-layout-flow\">\n<div class=\"wp-block-group\"><div class=\"wp-block-group__inner-container is-layout-flow wp-block-group-is-layout-flow\">\n<div style=\"height:80px\" aria-hidden=\"true\" class=\"wp-block-spacer\"><\/div>\n\n\n\n<div class=\"wp-block-columns are-vertically-aligned-center is-layout-flex wp-container-core-columns-is-layout-9d6595d7 wp-block-columns-is-layout-flex\">\n<div class=\"wp-block-column is-vertically-aligned-center is-layout-flow wp-block-column-is-layout-flow\" style=\"flex-basis:50%\">\n<h2 class=\"wp-block-heading has-nv-text-dark-bg-color has-text-color\">Tw\u00f3j profesjonalny wizerunek na LinkedIn<\/h2>\n\n\n\n<p class=\"has-nv-text-dark-bg-color has-text-color\">Pomagam przedsi\u0119biorcom bez stresu wej\u015b\u0107 na LinkedIn i zacz\u0105\u0107 publikowa\u0107 jak eksperci.<\/p>\n\n\n\n<div style=\"height:20px\" aria-hidden=\"true\" class=\"wp-block-spacer\"><\/div>\n\n\n\n<div class=\"wp-block-buttons is-layout-flex wp-block-buttons-is-layout-flex\">\n<div class=\"wp-block-button is-style-primary\"><a class=\"wp-block-button__link wp-element-button\" href=\"https:\/\/dorotagwizdowskabartosik.pl\/index.php\/kontakt\/\">UM\u00d3W SI\u0118 NA KONSULTACJ\u0118<\/a><\/div>\n<\/div>\n<\/div>\n\n\n\n<div class=\"wp-block-column is-vertically-aligned-center is-layout-flow wp-block-column-is-layout-flow\" style=\"flex-basis:50%\">\n<figure class=\"wp-block-image size-full\"><img data-opt-id=77883452  fetchpriority=\"high\" decoding=\"async\" width=\"600\" height=\"600\" src=\"https:\/\/ml7uhigw152k.i.optimole.com\/w:auto\/h:auto\/q:mauto\/f:best\/https:\/\/dorotagwizdowskabartosik.pl\/wp-content\/uploads\/2020\/01\/neve-web-design-bg-11.jpg\" alt=\"Educadora-twoj-profesjonalny-wizerunek-na-linkedin\" class=\"wp-image-60\" srcset=\"https:\/\/ml7uhigw152k.i.optimole.com\/w:600\/h:600\/q:mauto\/f:best\/https:\/\/dorotagwizdowskabartosik.pl\/wp-content\/uploads\/2020\/01\/neve-web-design-bg-11.jpg 600w, https:\/\/ml7uhigw152k.i.optimole.com\/w:300\/h:300\/q:mauto\/f:best\/https:\/\/dorotagwizdowskabartosik.pl\/wp-content\/uploads\/2020\/01\/neve-web-design-bg-11.jpg 300w, https:\/\/ml7uhigw152k.i.optimole.com\/w:150\/h:150\/q:mauto\/f:best\/https:\/\/dorotagwizdowskabartosik.pl\/wp-content\/uploads\/2020\/01\/neve-web-design-bg-11.jpg 150w\" sizes=\"(max-width: 600px) 100vw, 600px\" \/><\/figure>\n<\/div>\n<\/div>\n\n\n\n<div style=\"height:40px\" aria-hidden=\"true\" class=\"wp-block-spacer\"><\/div>\n<\/div><\/div>\n<\/div><\/div>\n","protected":false},"excerpt":{"rendered":"","protected":false},"author":1,"featured_media":0,"parent":0,"menu_order":0,"comment_status":"closed","ping_status":"closed","template":"","meta":{"neve_meta_sidebar":"default","neve_meta_container":"default","neve_meta_enable_content_width":"on","neve_meta_content_width":100,"neve_meta_title_alignment":"","neve_meta_author_avatar":"","neve_post_elements_order":"","neve_meta_disable_header":"","neve_meta_disable_footer":"","neve_meta_disable_title":"off","_themeisle_gutenberg_block_has_review":false,"footnotes":""},"class_list":["post-310","page","type-page","status-publish","hentry"],"_links":{"self":[{"href":"https:\/\/dorotagwizdowskabartosik.pl\/index.php\/wp-json\/wp\/v2\/pages\/310","targetHints":{"allow":["GET"]}}],"collection":[{"href":"https:\/\/dorotagwizdowskabartosik.pl\/index.php\/wp-json\/wp\/v2\/pages"}],"about":[{"href":"https:\/\/dorotagwizdowskabartosik.pl\/index.php\/wp-json\/wp\/v2\/types\/page"}],"author":[{"embeddable":true,"href":"https:\/\/dorotagwizdowskabartosik.pl\/index.php\/wp-json\/wp\/v2\/users\/1"}],"replies":[{"embeddable":true,"href":"https:\/\/dorotagwizdowskabartosik.pl\/index.php\/wp-json\/wp\/v2\/comments?post=310"}],"version-history":[{"count":48,"href":"https:\/\/dorotagwizdowskabartosik.pl\/index.php\/wp-json\/wp\/v2\/pages\/310\/revisions"}],"predecessor-version":[{"id":823,"href":"https:\/\/dorotagwizdowskabartosik.pl\/index.php\/wp-json\/wp\/v2\/pages\/310\/revisions\/823"}],"wp:attachment":[{"href":"https:\/\/dorotagwizdowskabartosik.pl\/index.php\/wp-json\/wp\/v2\/media?parent=310"}],"curies":[{"name":"wp","href":"https:\/\/api.w.org\/{rel}","templated":true}]}}